{"id":42,"date":"2015-04-09T16:59:40","date_gmt":"2015-04-09T15:59:40","guid":{"rendered":"https:\/\/2021.automnemusicalduvesinet.fr\/?page_id=42"},"modified":"2022-10-13T10:36:08","modified_gmt":"2022-10-13T09:36:08","slug":"programme","status":"publish","type":"page","link":"http:\/\/2021.automnemusicalduvesinet.fr\/?page_id=42","title":{"rendered":"Programme"},"content":{"rendered":"<p>&nbsp;<\/p>\n<p><a href=\"http:\/\/2021.automnemusicalduvesinet.fr\/wp-content\/uploads\/2021\/07\/Bandeau-Musiciens.jpg\"><img loading=\"lazy\" class=\"wp-image-1683 size-full\" src=\"http:\/\/2021.automnemusicalduvesinet.fr\/wp-content\/uploads\/2021\/07\/Bandeau-Musiciens.jpg\" alt=\"\" width=\"620\" height=\"210\" srcset=\"http:\/\/2021.automnemusicalduvesinet.fr\/wp-content\/uploads\/2021\/07\/Bandeau-Musiciens.jpg 620w, http:\/\/2021.automnemusicalduvesinet.fr\/wp-content\/uploads\/2021\/07\/Bandeau-Musiciens-300x102.jpg 300w\" sizes=\"(max-width: 620px) 100vw, 620px\" \/><\/a><\/p>\n<h2>Le programme du festival se d\u00e9roulera sur 4 jours et cette ann\u00e9e, le piano sera le roi de la f\u00eate !<\/h2>\n<p><span style=\"font-size: 16px;\">Ce festival s\u2019adresse \u00e0 un large public mais aussi aux\u00a0 m\u00e9lomanes les plus avertis car il r\u00e9unit des artistes de grand talent dans un programme de pi\u00e8ces qui sortent des sentiers battus de la musique de chambre.<\/span><\/p>\n<p><span style=\"font-size: 16px;\">Les concerts auront lieu au Temple du V\u00e9sinet, en l&#8217;\u00e9glise Sainte-Marguerite, et pour la premi\u00e8re fois \u00e0 l&#8217;H\u00f4pital du V\u00e9sinet dans la magnifique salle attenante \u00e0 la chapelle.<\/span><\/p>\n<p><span style=\"font-size: 18px; line-height: 1.5em;\"><span style=\"text-decoration: underline;\">Le programme comprendra quatre concerts<\/span> :<br \/>\n<\/span><\/p>\n<p><span style=\"font-size: 16px;\"><strong>Le <a href=\"https:\/\/2021.automnemusicalduvesinet.fr\/vendredi-15-octobre\/\">Vendredi 8 octobre<\/a> \u00e0 20h30\u00a0 \u00ab Un soir \u00e0 Vienne \u00bb\u00a0 : <\/strong>en ouverture du festival, l\u2019Orchestre Opera Sinfonia sous la direction de Ga\u00ebl P\u00e9ron, vous invite \u00e0 Vienne, capitale mondiale de la musique o\u00f9 tant de compositeurs viennois de naissance ou d\u2019adoption y ont \u00e9crit leurs plus belles pages.<br \/>\nAu programme: la Symphonie n\u00b0 5 de Schubert, les Romances pour violon de Beethoven et la Symphonie n\u00b040 l\u2019un des chefs-d\u2019\u0153uvre de Mozart.<\/span><\/p>\n<p><span style=\"font-size: 16px;\"><strong>Le <a href=\"https:\/\/2021.automnemusicalduvesinet.fr\/vendredi-15-octobre\/\">Vendredi 15 octobre<\/a><\/strong> \u00e0 <strong>20h30\u00a0 \u00ab Nuits d&#8217;Etoiles \u00bb\u00a0 : <\/strong>dans le cadre intime du Temple du V\u00e9sinet, la magnifique voix d&#8217;<strong>Eve Coquart<\/strong> accompagn\u00e9e par <strong>Pierre-Laurent Boucharlat<\/strong>, un habitu\u00e9 du Festival d&#8217;Automne du V\u00e9sinet, nous transportera dans les univers po\u00e9tiques de Jules Massenet, de Georges Bizet ou de Claude Debussy, immenses ambassadeurs de la musique fran\u00e7aise de la fin du XIX\u00e8me et du d\u00e9but du XX\u00e8me si\u00e8cle.<\/span><\/p>\n<p><span style=\"font-size: 16px;\"><strong>Le <a href=\"https:\/\/2021.automnemusicalduvesinet.fr\/samedi-16-octobre\/\">Samedi 16 octobre<\/a><\/strong> \u00e0 <strong>20h30 \u00ab Illumin\u00e9 \u00bb :\u00a0<\/strong> dans la salle de spectacle de l&#8217;H\u00f4pital du V\u00e9sinet, nous d\u00e9couvrirons avec bonheur le One Piano Show imagin\u00e9 par le talentueux <strong>Fran\u00e7ois Moschetta<\/strong>, le &#8220;pianiste qui parle&#8221;. Dans ce spectacle , le pianiste seul en sc\u00e8ne joue Scriabine avec passion et raconte avec humour et esprit, l&#8217;homme derri\u00e8re le compositeur, l&#8217;hypersensible, l&#8217;illumin\u00e9.<\/span><\/p>\n<p><span style=\"font-size: 16px;\"><strong>Le <a href=\"https:\/\/2021.automnemusicalduvesinet.fr\/dimanche-17-octobre\/\">Dimanche 17 octobre<\/a><\/strong> \u00e0 <strong>15h30 Concert de Gala\u00a0 \u00ab La Flamme Romantique \u00bb : <\/strong>carte blanche est donn\u00e9e au talentueux pianiste<strong> Denis Pascal, <\/strong>qui nous fera partager sa passion pour Fr\u00e9d\u00e9ric Chopin. Il sera rejoint ensuite par <strong>Nathalie Shaw <\/strong>au violon et <strong>Fabrice Loyal <\/strong>au violoncelle qui l&#8217;accompagneront pour le Trio n\u00b0 1 en r\u00e9 mineur op. 49 de Felix Mendelssohn.<\/span><\/p>\n<p><span style=\"font-size: 16px;\"><em>Direction artistique :\u00a0 Denis Pascal, Fabrice Loyal<\/em><\/span><\/p>\n<p>&nbsp;<\/p>\n","protected":false},"excerpt":{"rendered":"<p>&nbsp; Le programme du festival se d\u00e9roulera sur 4 jours et cette ann\u00e9e, le piano sera le roi de la f\u00eate ! Ce festival s\u2019adresse \u00e0 un large public mais aussi aux\u00a0 m\u00e9lomanes les plus avertis car il r\u00e9unit des artistes de grand talent dans un programme de pi\u00e8ces qui sortent des sentiers battus de la musique de chambre. Les concerts auront lieu au Temple du V\u00e9sinet, en l&#8217;\u00e9glise Sainte-Marguerite, et pour la premi\u00e8re fois <a href=\"http:\/\/2021.automnemusicalduvesinet.fr\/?page_id=42\"> <\/a><\/p>\n","protected":false},"author":1,"featured_media":0,"parent":0,"menu_order":0,"comment_status":"closed","ping_status":"closed","template":"","meta":[],"_links":{"self":[{"href":"http:\/\/2021.automnemusicalduvesinet.fr\/index.php?rest_route=\/wp\/v2\/pages\/42"}],"collection":[{"href":"http:\/\/2021.automnemusicalduvesinet.fr\/index.php?rest_route=\/wp\/v2\/pages"}],"about":[{"href":"http:\/\/2021.automnemusicalduvesinet.fr\/index.php?rest_route=\/wp\/v2\/types\/page"}],"author":[{"embeddable":true,"href":"http:\/\/2021.automnemusicalduvesinet.fr\/index.php?rest_route=\/wp\/v2\/users\/1"}],"replies":[{"embeddable":true,"href":"http:\/\/2021.automnemusicalduvesinet.fr\/index.php?rest_route=%2Fwp%2Fv2%2Fcomments&post=42"}],"version-history":[{"count":142,"href":"http:\/\/2021.automnemusicalduvesinet.fr\/index.php?rest_route=\/wp\/v2\/pages\/42\/revisions"}],"predecessor-version":[{"id":1342,"href":"http:\/\/2021.automnemusicalduvesinet.fr\/index.php?rest_route=\/wp\/v2\/pages\/42\/revisions\/1342"}],"wp:attachment":[{"href":"http:\/\/2021.automnemusicalduvesinet.fr\/index.php?rest_route=%2Fwp%2Fv2%2Fmedia&parent=42"}],"curies":[{"name":"wp","href":"https:\/\/api.w.org\/{rel}","templated":true}]}}